{"id":556,"date":"2025-01-31T11:02:26","date_gmt":"2025-01-31T10:02:26","guid":{"rendered":"https:\/\/www.gobiodif.com\/?page_id=556"},"modified":"2026-03-18T13:12:52","modified_gmt":"2026-03-18T12:12:52","slug":"noticias","status":"publish","type":"page","link":"https:\/\/www.gobiodif.com\/?page_id=556","title":{"rendered":"Noticias"},"content":{"rendered":"\t\t<div data-elementor-type=\"wp-page\" data-elementor-id=\"556\" class=\"elementor elementor-556\">\n\t\t\t\t<div class=\"elementor-element elementor-element-434a49fa e-flex e-con-boxed e-con e-parent\" data-id=\"434a49fa\" data-element_type=\"container\" data-e-type=\"container\">\n\t\t\t\t\t<div class=\"e-con-inner\">\n\t\t\t\t<div class=\"elementor-element elementor-element-04f3e6f elementor-widget elementor-widget-text-editor\" data-id=\"04f3e6f\" data-element_type=\"widget\" data-e-type=\"widget\" data-widget_type=\"text-editor.default\">\n\t\t\t\t<div class=\"elementor-widget-container\">\n\t\t\t\t\t\t\t\t\t<h2 style=\"text-align: center;\">Noticias<\/h2>\t\t\t\t\t\t\t\t<\/div>\n\t\t\t\t<\/div>\n\t\t\t\t<div class=\"elementor-element elementor-element-59b098a elementor-widget elementor-widget-athemes-posts\" data-id=\"59b098a\" data-element_type=\"widget\" data-e-type=\"widget\" data-widget_type=\"athemes-posts.default\">\n\t\t\t\t<div class=\"elementor-widget-container\">\n\t\t\t\t\t\n\t\t<div class=\"panel-grid-cell\">\t\t\t<div class=\"latest-news-wrapper carousel owl-carousel row style1\">\n\t\t\t\t\t\t\t<div class=\"blog-post col-md-12\">\n\t\t\t\t\t\t\t\t\t<div class=\"entry-thumb\">\n\t\t\t\t\t\t<a href=\"https:\/\/www.gobiodif.com\/?p=1561\" title=\"La Misi\u00f3n Biol\u00f3gica de Galicia (MBG-CSIC) celebra una cata sensorial de panes de ma\u00edz fortificados\">\n\t\t\t\t\t\t\t<img fetchpriority=\"high\" decoding=\"async\" width=\"1214\" height=\"498\" src=\"https:\/\/www.gobiodif.com\/wp-content\/uploads\/2026\/04\/Captura-de-pantalla-2026-04-27-135029-e1777291767112.png\" class=\"attachment-medium-thumb size-medium-thumb wp-post-image\" alt=\"\" srcset=\"https:\/\/www.gobiodif.com\/wp-content\/uploads\/2026\/04\/Captura-de-pantalla-2026-04-27-135029-e1777291767112.png 1214w, https:\/\/www.gobiodif.com\/wp-content\/uploads\/2026\/04\/Captura-de-pantalla-2026-04-27-135029-e1777291767112-300x123.png 300w, https:\/\/www.gobiodif.com\/wp-content\/uploads\/2026\/04\/Captura-de-pantalla-2026-04-27-135029-e1777291767112-1024x420.png 1024w, https:\/\/www.gobiodif.com\/wp-content\/uploads\/2026\/04\/Captura-de-pantalla-2026-04-27-135029-e1777291767112-768x315.png 768w, https:\/\/www.gobiodif.com\/wp-content\/uploads\/2026\/04\/Captura-de-pantalla-2026-04-27-135029-e1777291767112-1000x410.png 1000w, https:\/\/www.gobiodif.com\/wp-content\/uploads\/2026\/04\/Captura-de-pantalla-2026-04-27-135029-e1777291767112-230x94.png 230w, https:\/\/www.gobiodif.com\/wp-content\/uploads\/2026\/04\/Captura-de-pantalla-2026-04-27-135029-e1777291767112-350x144.png 350w, https:\/\/www.gobiodif.com\/wp-content\/uploads\/2026\/04\/Captura-de-pantalla-2026-04-27-135029-e1777291767112-480x197.png 480w\" sizes=\"(max-width: 1214px) 100vw, 1214px\" \/>\t\t\t\t\t\t<\/a>\t\t\t\n\t\t\t\t\t<\/div>\t\n\t\t\t\t\t\t\t\t\t\t\n\t\t\t\t\t\t\t\t\t<div class=\"entry-meta delimiter-dot\">\n\t\t\t\t\t\t\t\t\t\t\t\t\t\t\t\t\n\t\t\t\t\t<\/div>\n\t\t\t\t\t\t\t\t<h4 class=\"entry-title\"><a href=\"https:\/\/www.gobiodif.com\/?p=1561\" rel=\"bookmark\">La Misi\u00f3n Biol\u00f3gica de Galicia (MBG-CSIC) celebra una cata sensorial de panes de ma\u00edz fortificados<\/a><\/h4>\t\t\t\t\t<div class=\"entry-summary\">\n\t\t\t\t\t<p>El pasado viernes 24 de abril de 2026, el Grupo de Gen\u00e9tica y Mejora de Ma\u00edz de la Misi\u00f3n Biol\u00f3gica de Galicia [&hellip;]<\/p>\n<\/div>\n\t\t\t\t<\/div>\n\t\t\t\t\t\t\t<div class=\"blog-post col-md-12\">\n\t\t\t\t\t\t\t\t\t<div class=\"entry-thumb\">\n\t\t\t\t\t\t<a href=\"https:\/\/www.gobiodif.com\/?p=1437\" title=\"Primeros an\u00e1lisis del efecto de nanopart\u00edculas en la biofortificaci\u00f3n en ma\u00edz en el marco del GO BIODIF\">\n\t\t\t\t\t\t\t<img decoding=\"async\" width=\"712\" height=\"277\" src=\"https:\/\/www.gobiodif.com\/wp-content\/uploads\/2025\/12\/Captura-de-pantalla-2025-12-02-083533.png\" class=\"attachment-medium-thumb size-medium-thumb wp-post-image\" alt=\"\" srcset=\"https:\/\/www.gobiodif.com\/wp-content\/uploads\/2025\/12\/Captura-de-pantalla-2025-12-02-083533.png 712w, https:\/\/www.gobiodif.com\/wp-content\/uploads\/2025\/12\/Captura-de-pantalla-2025-12-02-083533-300x117.png 300w, https:\/\/www.gobiodif.com\/wp-content\/uploads\/2025\/12\/Captura-de-pantalla-2025-12-02-083533-230x89.png 230w, https:\/\/www.gobiodif.com\/wp-content\/uploads\/2025\/12\/Captura-de-pantalla-2025-12-02-083533-350x136.png 350w, https:\/\/www.gobiodif.com\/wp-content\/uploads\/2025\/12\/Captura-de-pantalla-2025-12-02-083533-480x187.png 480w\" sizes=\"(max-width: 712px) 100vw, 712px\" \/>\t\t\t\t\t\t<\/a>\t\t\t\n\t\t\t\t\t<\/div>\t\n\t\t\t\t\t\t\t\t\t\t\n\t\t\t\t\t\t\t\t\t<div class=\"entry-meta delimiter-dot\">\n\t\t\t\t\t\t\t\t\t\t\t\t\t\t\t\t\n\t\t\t\t\t<\/div>\n\t\t\t\t\t\t\t\t<h4 class=\"entry-title\"><a href=\"https:\/\/www.gobiodif.com\/?p=1437\" rel=\"bookmark\">Primeros an\u00e1lisis del efecto de nanopart\u00edculas en la biofortificaci\u00f3n en ma\u00edz en el marco del GO BIODIF<\/a><\/h4>\t\t\t\t\t<div class=\"entry-summary\">\n\t\t\t\t\t<p>Uno de los objetivos del GO BIODIF es estudiar el efecto de la fortificaci\u00f3n con nanopart\u00edculas de Ca y Ca+Zn sobre la [&hellip;]<\/p>\n<\/div>\n\t\t\t\t<\/div>\n\t\t\t\t\t\t\t<div class=\"blog-post col-md-12\">\n\t\t\t\t\t\t\t\t\t<div class=\"entry-thumb\">\n\t\t\t\t\t\t<a href=\"https:\/\/www.gobiodif.com\/?p=1427\" title=\"Primera aplicaci\u00f3n de nanofertilizantes en tomate en el marco del GO BIODIF\">\n\t\t\t\t\t\t\t<img decoding=\"async\" width=\"663\" height=\"264\" src=\"https:\/\/www.gobiodif.com\/wp-content\/uploads\/2025\/11\/Captura-de-pantalla-2025-11-26-135652-1-e1773907110388.png\" class=\"attachment-medium-thumb size-medium-thumb wp-post-image\" alt=\"\" srcset=\"https:\/\/www.gobiodif.com\/wp-content\/uploads\/2025\/11\/Captura-de-pantalla-2025-11-26-135652-1-e1773907110388.png 663w, https:\/\/www.gobiodif.com\/wp-content\/uploads\/2025\/11\/Captura-de-pantalla-2025-11-26-135652-1-e1773907110388-300x119.png 300w, https:\/\/www.gobiodif.com\/wp-content\/uploads\/2025\/11\/Captura-de-pantalla-2025-11-26-135652-1-e1773907110388-230x92.png 230w, https:\/\/www.gobiodif.com\/wp-content\/uploads\/2025\/11\/Captura-de-pantalla-2025-11-26-135652-1-e1773907110388-350x139.png 350w, https:\/\/www.gobiodif.com\/wp-content\/uploads\/2025\/11\/Captura-de-pantalla-2025-11-26-135652-1-e1773907110388-480x191.png 480w\" sizes=\"(max-width: 663px) 100vw, 663px\" \/>\t\t\t\t\t\t<\/a>\t\t\t\n\t\t\t\t\t<\/div>\t\n\t\t\t\t\t\t\t\t\t\t\n\t\t\t\t\t\t\t\t\t<div class=\"entry-meta delimiter-dot\">\n\t\t\t\t\t\t\t\t\t\t\t\t\t\t\t\t\n\t\t\t\t\t<\/div>\n\t\t\t\t\t\t\t\t<h4 class=\"entry-title\"><a href=\"https:\/\/www.gobiodif.com\/?p=1427\" rel=\"bookmark\">Primera aplicaci\u00f3n de nanofertilizantes en tomate en el marco del GO BIODIF<\/a><\/h4>\t\t\t\t\t<div class=\"entry-summary\">\n\t\t\t\t\t<p>El pasado 4 de noviembre se llev\u00f3 a cabo la primera aplicaci\u00f3n foliar en el cultivo de tomate en las instalaciones de [&hellip;]<\/p>\n<\/div>\n\t\t\t\t<\/div>\n\t\t\t\t\t\t<\/div>\n\t\t<\/div>\n\n\t\t\t\t\t\t\t\t\t\t\t\t<a href=\"https:\/\/www.gobiodif.com\/?cat=16\" class=\"roll-button more-button\">Ver todas nuestras noticias<\/a>\n\t\t\t\t\n\t\t\t\n\t\t\n\t\t\t\t\t\t<\/div>\n\t\t\t\t<\/div>\n\t\t\t\t\t<\/div>\n\t\t\t\t<\/div>\n\t\t\t\t<\/div>\n\t\t","protected":false},"excerpt":{"rendered":"<p>Noticias Primeros an\u00e1lisis del efecto de nanopart\u00edculas en la biofortificaci\u00f3n en ma\u00edz en el marco del GO BIODIF Uno de los objetivos [&hellip;]<\/p>\n","protected":false},"author":3,"featured_media":0,"parent":0,"menu_order":0,"comment_status":"closed","ping_status":"closed","template":"page-templates\/page_front-page.php","meta":{"footnotes":""},"class_list":["post-556","page","type-page","status-publish","hentry"],"yoast_head":"<!-- This site is optimized with the Yoast SEO plugin v27.6 - https:\/\/yoast.com\/product\/yoast-seo-wordpress\/ -->\r\n<title>Noticias - Go BIODIF<\/title>\r\n<meta name=\"robots\" content=\"index, follow, max-snippet:-1, max-image-preview:large, max-video-preview:-1\" \/>\r\n<link rel=\"canonical\" href=\"https:\/\/www.gobiodif.com\/?page_id=556\" \/>\r\n<meta property=\"og:locale\" content=\"es_ES\" \/>\r\n<meta property=\"og:type\" content=\"article\" \/>\r\n<meta property=\"og:title\" content=\"Noticias - Go BIODIF\" \/>\r\n<meta property=\"og:description\" content=\"Noticias Primeros an\u00e1lisis del efecto de nanopart\u00edculas en la biofortificaci\u00f3n en ma\u00edz en el marco del GO BIODIF Uno de los objetivos [&hellip;]\" \/>\r\n<meta property=\"og:url\" content=\"https:\/\/www.gobiodif.com\/?page_id=556\" \/>\r\n<meta property=\"og:site_name\" content=\"Go BIODIF\" \/>\r\n<meta property=\"article:modified_time\" content=\"2026-03-18T12:12:52+00:00\" \/>\r\n<meta property=\"og:image\" content=\"https:\/\/www.gobiodif.com\/wp-content\/uploads\/2025\/12\/Captura-de-pantalla-2025-12-02-083533.png\" \/>\r\n<meta name=\"twitter:card\" content=\"summary_large_image\" \/>\r\n<meta name=\"twitter:label1\" content=\"Tiempo de lectura\" \/>\n\t<meta name=\"twitter:data1\" content=\"2 minutos\" \/>\r\n<script type=\"application\/ld+json\" class=\"yoast-schema-graph\">{\"@context\":\"https:\\\/\\\/schema.org\",\"@graph\":[{\"@type\":\"WebPage\",\"@id\":\"https:\\\/\\\/www.gobiodif.com\\\/?page_id=556\",\"url\":\"https:\\\/\\\/www.gobiodif.com\\\/?page_id=556\",\"name\":\"Noticias - Go BIODIF\",\"isPartOf\":{\"@id\":\"https:\\\/\\\/www.gobiodif.com\\\/#website\"},\"primaryImageOfPage\":{\"@id\":\"https:\\\/\\\/www.gobiodif.com\\\/?page_id=556#primaryimage\"},\"image\":{\"@id\":\"https:\\\/\\\/www.gobiodif.com\\\/?page_id=556#primaryimage\"},\"thumbnailUrl\":\"https:\\\/\\\/www.gobiodif.com\\\/wp-content\\\/uploads\\\/2025\\\/12\\\/Captura-de-pantalla-2025-12-02-083533.png\",\"datePublished\":\"2025-01-31T10:02:26+00:00\",\"dateModified\":\"2026-03-18T12:12:52+00:00\",\"breadcrumb\":{\"@id\":\"https:\\\/\\\/www.gobiodif.com\\\/?page_id=556#breadcrumb\"},\"inLanguage\":\"es\",\"potentialAction\":[{\"@type\":\"ReadAction\",\"target\":[\"https:\\\/\\\/www.gobiodif.com\\\/?page_id=556\"]}]},{\"@type\":\"ImageObject\",\"inLanguage\":\"es\",\"@id\":\"https:\\\/\\\/www.gobiodif.com\\\/?page_id=556#primaryimage\",\"url\":\"https:\\\/\\\/www.gobiodif.com\\\/wp-content\\\/uploads\\\/2025\\\/12\\\/Captura-de-pantalla-2025-12-02-083533.png\",\"contentUrl\":\"https:\\\/\\\/www.gobiodif.com\\\/wp-content\\\/uploads\\\/2025\\\/12\\\/Captura-de-pantalla-2025-12-02-083533.png\",\"width\":712,\"height\":277},{\"@type\":\"BreadcrumbList\",\"@id\":\"https:\\\/\\\/www.gobiodif.com\\\/?page_id=556#breadcrumb\",\"itemListElement\":[{\"@type\":\"ListItem\",\"position\":1,\"name\":\"Portada\",\"item\":\"https:\\\/\\\/www.gobiodif.com\\\/\"},{\"@type\":\"ListItem\",\"position\":2,\"name\":\"Noticias\"}]},{\"@type\":\"WebSite\",\"@id\":\"https:\\\/\\\/www.gobiodif.com\\\/#website\",\"url\":\"https:\\\/\\\/www.gobiodif.com\\\/\",\"name\":\"Go BIODIF\",\"description\":\"Grupo Operativo Biofuncionalizaci\u00f3n de Cultivos Estrat\u00e9gicos\",\"publisher\":{\"@id\":\"https:\\\/\\\/www.gobiodif.com\\\/#organization\"},\"potentialAction\":[{\"@type\":\"SearchAction\",\"target\":{\"@type\":\"EntryPoint\",\"urlTemplate\":\"https:\\\/\\\/www.gobiodif.com\\\/?s={search_term_string}\"},\"query-input\":{\"@type\":\"PropertyValueSpecification\",\"valueRequired\":true,\"valueName\":\"search_term_string\"}}],\"inLanguage\":\"es\"},{\"@type\":\"Organization\",\"@id\":\"https:\\\/\\\/www.gobiodif.com\\\/#organization\",\"name\":\"Go BIODIF\",\"url\":\"https:\\\/\\\/www.gobiodif.com\\\/\",\"logo\":{\"@type\":\"ImageObject\",\"inLanguage\":\"es\",\"@id\":\"https:\\\/\\\/www.gobiodif.com\\\/#\\\/schema\\\/logo\\\/image\\\/\",\"url\":\"https:\\\/\\\/www.gobiodif.com\\\/wp-content\\\/uploads\\\/2025\\\/01\\\/logo-biodif.png\",\"contentUrl\":\"https:\\\/\\\/www.gobiodif.com\\\/wp-content\\\/uploads\\\/2025\\\/01\\\/logo-biodif.png\",\"width\":1750,\"height\":599,\"caption\":\"Go BIODIF\"},\"image\":{\"@id\":\"https:\\\/\\\/www.gobiodif.com\\\/#\\\/schema\\\/logo\\\/image\\\/\"}}]}<\/script>\r\n<!-- \/ Yoast SEO plugin. -->","yoast_head_json":{"title":"Noticias - Go BIODIF","robots":{"index":"index","follow":"follow","max-snippet":"max-snippet:-1","max-image-preview":"max-image-preview:large","max-video-preview":"max-video-preview:-1"},"canonical":"https:\/\/www.gobiodif.com\/?page_id=556","og_locale":"es_ES","og_type":"article","og_title":"Noticias - Go BIODIF","og_description":"Noticias Primeros an\u00e1lisis del efecto de nanopart\u00edculas en la biofortificaci\u00f3n en ma\u00edz en el marco del GO BIODIF Uno de los objetivos [&hellip;]","og_url":"https:\/\/www.gobiodif.com\/?page_id=556","og_site_name":"Go BIODIF","article_modified_time":"2026-03-18T12:12:52+00:00","og_image":[{"url":"https:\/\/www.gobiodif.com\/wp-content\/uploads\/2025\/12\/Captura-de-pantalla-2025-12-02-083533.png","type":"","width":"","height":""}],"twitter_card":"summary_large_image","twitter_misc":{"Tiempo de lectura":"2 minutos"},"schema":{"@context":"https:\/\/schema.org","@graph":[{"@type":"WebPage","@id":"https:\/\/www.gobiodif.com\/?page_id=556","url":"https:\/\/www.gobiodif.com\/?page_id=556","name":"Noticias - Go BIODIF","isPartOf":{"@id":"https:\/\/www.gobiodif.com\/#website"},"primaryImageOfPage":{"@id":"https:\/\/www.gobiodif.com\/?page_id=556#primaryimage"},"image":{"@id":"https:\/\/www.gobiodif.com\/?page_id=556#primaryimage"},"thumbnailUrl":"https:\/\/www.gobiodif.com\/wp-content\/uploads\/2025\/12\/Captura-de-pantalla-2025-12-02-083533.png","datePublished":"2025-01-31T10:02:26+00:00","dateModified":"2026-03-18T12:12:52+00:00","breadcrumb":{"@id":"https:\/\/www.gobiodif.com\/?page_id=556#breadcrumb"},"inLanguage":"es","potentialAction":[{"@type":"ReadAction","target":["https:\/\/www.gobiodif.com\/?page_id=556"]}]},{"@type":"ImageObject","inLanguage":"es","@id":"https:\/\/www.gobiodif.com\/?page_id=556#primaryimage","url":"https:\/\/www.gobiodif.com\/wp-content\/uploads\/2025\/12\/Captura-de-pantalla-2025-12-02-083533.png","contentUrl":"https:\/\/www.gobiodif.com\/wp-content\/uploads\/2025\/12\/Captura-de-pantalla-2025-12-02-083533.png","width":712,"height":277},{"@type":"BreadcrumbList","@id":"https:\/\/www.gobiodif.com\/?page_id=556#breadcrumb","itemListElement":[{"@type":"ListItem","position":1,"name":"Portada","item":"https:\/\/www.gobiodif.com\/"},{"@type":"ListItem","position":2,"name":"Noticias"}]},{"@type":"WebSite","@id":"https:\/\/www.gobiodif.com\/#website","url":"https:\/\/www.gobiodif.com\/","name":"Go BIODIF","description":"Grupo Operativo Biofuncionalizaci\u00f3n de Cultivos Estrat\u00e9gicos","publisher":{"@id":"https:\/\/www.gobiodif.com\/#organization"},"potentialAction":[{"@type":"SearchAction","target":{"@type":"EntryPoint","urlTemplate":"https:\/\/www.gobiodif.com\/?s={search_term_string}"},"query-input":{"@type":"PropertyValueSpecification","valueRequired":true,"valueName":"search_term_string"}}],"inLanguage":"es"},{"@type":"Organization","@id":"https:\/\/www.gobiodif.com\/#organization","name":"Go BIODIF","url":"https:\/\/www.gobiodif.com\/","logo":{"@type":"ImageObject","inLanguage":"es","@id":"https:\/\/www.gobiodif.com\/#\/schema\/logo\/image\/","url":"https:\/\/www.gobiodif.com\/wp-content\/uploads\/2025\/01\/logo-biodif.png","contentUrl":"https:\/\/www.gobiodif.com\/wp-content\/uploads\/2025\/01\/logo-biodif.png","width":1750,"height":599,"caption":"Go BIODIF"},"image":{"@id":"https:\/\/www.gobiodif.com\/#\/schema\/logo\/image\/"}}]}},"_links":{"self":[{"href":"https:\/\/www.gobiodif.com\/index.php?rest_route=\/wp\/v2\/pages\/556","targetHints":{"allow":["GET"]}}],"collection":[{"href":"https:\/\/www.gobiodif.com\/index.php?rest_route=\/wp\/v2\/pages"}],"about":[{"href":"https:\/\/www.gobiodif.com\/index.php?rest_route=\/wp\/v2\/types\/page"}],"author":[{"embeddable":true,"href":"https:\/\/www.gobiodif.com\/index.php?rest_route=\/wp\/v2\/users\/3"}],"replies":[{"embeddable":true,"href":"https:\/\/www.gobiodif.com\/index.php?rest_route=%2Fwp%2Fv2%2Fcomments&post=556"}],"version-history":[{"count":17,"href":"https:\/\/www.gobiodif.com\/index.php?rest_route=\/wp\/v2\/pages\/556\/revisions"}],"predecessor-version":[{"id":1504,"href":"https:\/\/www.gobiodif.com\/index.php?rest_route=\/wp\/v2\/pages\/556\/revisions\/1504"}],"wp:attachment":[{"href":"https:\/\/www.gobiodif.com\/index.php?rest_route=%2Fwp%2Fv2%2Fmedia&parent=556"}],"curies":[{"name":"wp","href":"https:\/\/api.w.org\/{rel}","templated":true}]}}