{"id":494,"date":"2025-01-31T11:02:26","date_gmt":"2025-01-31T10:02:26","guid":{"rendered":"https:\/\/www.gobiodif.com\/?page_id=494"},"modified":"2026-03-18T13:11:04","modified_gmt":"2026-03-18T12:11:04","slug":"portfolio","status":"publish","type":"page","link":"https:\/\/www.gobiodif.com\/?page_id=494","title":{"rendered":"Eventos"},"content":{"rendered":"\t\t<div data-elementor-type=\"wp-page\" data-elementor-id=\"494\" class=\"elementor elementor-494\">\n\t\t\t\t<div class=\"elementor-element elementor-element-230c91cf e-flex e-con-boxed e-con e-parent\" data-id=\"230c91cf\" data-element_type=\"container\" data-e-type=\"container\">\n\t\t\t\t\t<div class=\"e-con-inner\">\n\t\t\t\t<div class=\"elementor-element elementor-element-69d9e1b3 elementor-widget elementor-widget-text-editor\" data-id=\"69d9e1b3\" data-element_type=\"widget\" data-e-type=\"widget\" data-widget_type=\"text-editor.default\">\n\t\t\t\t<div class=\"elementor-widget-container\">\n\t\t\t\t\t\t\t\t\t<h2 style=\"text-align: center;\">Eventos<\/h2>\t\t\t\t\t\t\t\t<\/div>\n\t\t\t\t<\/div>\n\t\t\t\t<div class=\"elementor-element elementor-element-a895626 elementor-widget elementor-widget-spacer\" data-id=\"a895626\" data-element_type=\"widget\" data-e-type=\"widget\" data-widget_type=\"spacer.default\">\n\t\t\t\t<div class=\"elementor-widget-container\">\n\t\t\t\t\t\t\t<div class=\"elementor-spacer\">\n\t\t\t<div class=\"elementor-spacer-inner\"><\/div>\n\t\t<\/div>\n\t\t\t\t\t\t<\/div>\n\t\t\t\t<\/div>\n\t\t\t\t\t<\/div>\n\t\t\t\t<\/div>\n\t\t<div class=\"elementor-element elementor-element-64ac7ab e-flex e-con-boxed e-con e-parent\" data-id=\"64ac7ab\" data-element_type=\"container\" data-e-type=\"container\">\n\t\t\t\t\t<div class=\"e-con-inner\">\n\t\t\t\t<div class=\"elementor-element elementor-element-c0b314a elementor-widget elementor-widget-athemes-posts\" data-id=\"c0b314a\" data-element_type=\"widget\" data-e-type=\"widget\" data-widget_type=\"athemes-posts.default\">\n\t\t\t\t<div class=\"elementor-widget-container\">\n\t\t\t\t\t\n\t\t<div class=\"panel-grid-cell\">\t\t\t<div class=\"latest-news-wrapper carousel owl-carousel row style1\">\n\t\t\t\t\t\t\t<div class=\"blog-post col-md-12\">\n\t\t\t\t\t\t\t\t\t<div class=\"entry-thumb\">\n\t\t\t\t\t\t<a href=\"https:\/\/www.gobiodif.com\/?p=1509\" title=\"II WEBINAR GO BIODIF: Biofuncionalizaci\u00f3n de cultivos estrat\u00e9gicos nacionales para la mejora de su competitividad\">\n\t\t\t\t\t\t\t<img fetchpriority=\"high\" decoding=\"async\" width=\"1080\" height=\"341\" src=\"https:\/\/www.gobiodif.com\/wp-content\/uploads\/2026\/03\/CartelWebinarII.png\" class=\"attachment-medium-thumb size-medium-thumb wp-post-image\" alt=\"\" srcset=\"https:\/\/www.gobiodif.com\/wp-content\/uploads\/2026\/03\/CartelWebinarII.png 1080w, https:\/\/www.gobiodif.com\/wp-content\/uploads\/2026\/03\/CartelWebinarII-300x95.png 300w, https:\/\/www.gobiodif.com\/wp-content\/uploads\/2026\/03\/CartelWebinarII-1024x323.png 1024w, https:\/\/www.gobiodif.com\/wp-content\/uploads\/2026\/03\/CartelWebinarII-768x242.png 768w, https:\/\/www.gobiodif.com\/wp-content\/uploads\/2026\/03\/CartelWebinarII-1000x316.png 1000w, https:\/\/www.gobiodif.com\/wp-content\/uploads\/2026\/03\/CartelWebinarII-230x73.png 230w, https:\/\/www.gobiodif.com\/wp-content\/uploads\/2026\/03\/CartelWebinarII-350x111.png 350w, https:\/\/www.gobiodif.com\/wp-content\/uploads\/2026\/03\/CartelWebinarII-480x152.png 480w\" sizes=\"(max-width: 1080px) 100vw, 1080px\" \/>\t\t\t\t\t\t<\/a>\t\t\t\n\t\t\t\t\t<\/div>\t\n\t\t\t\t\t\t\t\t\t\t\n\t\t\t\t\t\t\t\t\t<div class=\"entry-meta delimiter-dot\">\n\t\t\t\t\t\t\t\t\t\t\t\t\t\t\t\t\n\t\t\t\t\t<\/div>\n\t\t\t\t\t\t\t\t<h4 class=\"entry-title\"><a href=\"https:\/\/www.gobiodif.com\/?p=1509\" rel=\"bookmark\">II WEBINAR GO BIODIF: Biofuncionalizaci\u00f3n de cultivos estrat\u00e9gicos nacionales para la mejora de su competitividad<\/a><\/h4>\t\t\t\t\t<div class=\"entry-summary\">\n\t\t\t\t\t<p>El&nbsp;Grupo&nbsp;Operativo&nbsp;BIODIF: biofuncionalizaci\u00f3n de cultivos estrat\u00e9gicos nacionales para la mejora de su competitividad en el mercado&nbsp;surge en el contexto de la convocatoria&nbsp;Grupos Operativos [&hellip;]<\/p>\n<\/div>\n\t\t\t\t<\/div>\n\t\t\t\t\t\t\t<div class=\"blog-post col-md-12\">\n\t\t\t\t\t\t\t\t\t<div class=\"entry-thumb\">\n\t\t\t\t\t\t<a href=\"https:\/\/www.gobiodif.com\/?p=1536\" title=\"El Grupo Operativo BIODIF participa en el Foro Transfiere 2026\">\n\t\t\t\t\t\t\t<img decoding=\"async\" width=\"2048\" height=\"976\" src=\"https:\/\/www.gobiodif.com\/wp-content\/uploads\/2026\/03\/WhatsApp-Image-2026-02-25-at-14.45.43-2-e1774257090788.jpeg\" class=\"attachment-medium-thumb size-medium-thumb wp-post-image\" alt=\"\" srcset=\"https:\/\/www.gobiodif.com\/wp-content\/uploads\/2026\/03\/WhatsApp-Image-2026-02-25-at-14.45.43-2-e1774257090788.jpeg 2048w, https:\/\/www.gobiodif.com\/wp-content\/uploads\/2026\/03\/WhatsApp-Image-2026-02-25-at-14.45.43-2-e1774257090788-300x143.jpeg 300w, https:\/\/www.gobiodif.com\/wp-content\/uploads\/2026\/03\/WhatsApp-Image-2026-02-25-at-14.45.43-2-e1774257090788-1024x488.jpeg 1024w, https:\/\/www.gobiodif.com\/wp-content\/uploads\/2026\/03\/WhatsApp-Image-2026-02-25-at-14.45.43-2-e1774257090788-768x366.jpeg 768w, https:\/\/www.gobiodif.com\/wp-content\/uploads\/2026\/03\/WhatsApp-Image-2026-02-25-at-14.45.43-2-e1774257090788-1536x732.jpeg 1536w, https:\/\/www.gobiodif.com\/wp-content\/uploads\/2026\/03\/WhatsApp-Image-2026-02-25-at-14.45.43-2-e1774257090788-1000x477.jpeg 1000w, https:\/\/www.gobiodif.com\/wp-content\/uploads\/2026\/03\/WhatsApp-Image-2026-02-25-at-14.45.43-2-e1774257090788-230x110.jpeg 230w, https:\/\/www.gobiodif.com\/wp-content\/uploads\/2026\/03\/WhatsApp-Image-2026-02-25-at-14.45.43-2-e1774257090788-350x167.jpeg 350w, https:\/\/www.gobiodif.com\/wp-content\/uploads\/2026\/03\/WhatsApp-Image-2026-02-25-at-14.45.43-2-e1774257090788-480x229.jpeg 480w\" sizes=\"(max-width: 2048px) 100vw, 2048px\" \/>\t\t\t\t\t\t<\/a>\t\t\t\n\t\t\t\t\t<\/div>\t\n\t\t\t\t\t\t\t\t\t\t\n\t\t\t\t\t\t\t\t\t<div class=\"entry-meta delimiter-dot\">\n\t\t\t\t\t\t\t\t\t\t\t\t\t\t\t\t\n\t\t\t\t\t<\/div>\n\t\t\t\t\t\t\t\t<h4 class=\"entry-title\"><a href=\"https:\/\/www.gobiodif.com\/?p=1536\" rel=\"bookmark\">El Grupo Operativo BIODIF participa en el Foro Transfiere 2026<\/a><\/h4>\t\t\t\t\t<div class=\"entry-summary\">\n\t\t\t\t\t<p>El Foro Europeo para la Ciencia, Tecnolog\u00eda e Innovaci\u00f3n Transfiere 2026 se celebr\u00f3 los d\u00edas 24, 25, y 26 de febrero de [&hellip;]<\/p>\n<\/div>\n\t\t\t\t<\/div>\n\t\t\t\t\t\t\t<div class=\"blog-post col-md-12\">\n\t\t\t\t\t\t\t\t\t<div class=\"entry-thumb\">\n\t\t\t\t\t\t<a href=\"https:\/\/www.gobiodif.com\/?p=1485\" title=\"El Grupo Operativo\u00a0BIODIF\u00a0ha estado presente en Biostimulants Europe 2026\">\n\t\t\t\t\t\t\t<img decoding=\"async\" width=\"860\" height=\"394\" src=\"https:\/\/www.gobiodif.com\/wp-content\/uploads\/2026\/02\/David_biodif-e1773906865395.jpg\" class=\"attachment-medium-thumb size-medium-thumb wp-post-image\" alt=\"\" srcset=\"https:\/\/www.gobiodif.com\/wp-content\/uploads\/2026\/02\/David_biodif-e1773906865395.jpg 860w, https:\/\/www.gobiodif.com\/wp-content\/uploads\/2026\/02\/David_biodif-e1773906865395-300x137.jpg 300w, https:\/\/www.gobiodif.com\/wp-content\/uploads\/2026\/02\/David_biodif-e1773906865395-768x352.jpg 768w, https:\/\/www.gobiodif.com\/wp-content\/uploads\/2026\/02\/David_biodif-e1773906865395-230x105.jpg 230w, https:\/\/www.gobiodif.com\/wp-content\/uploads\/2026\/02\/David_biodif-e1773906865395-350x160.jpg 350w, https:\/\/www.gobiodif.com\/wp-content\/uploads\/2026\/02\/David_biodif-e1773906865395-480x220.jpg 480w\" sizes=\"(max-width: 860px) 100vw, 860px\" \/>\t\t\t\t\t\t<\/a>\t\t\t\n\t\t\t\t\t<\/div>\t\n\t\t\t\t\t\t\t\t\t\t\n\t\t\t\t\t\t\t\t\t<div class=\"entry-meta delimiter-dot\">\n\t\t\t\t\t\t\t\t\t\t\t\t\t\t\t\t\n\t\t\t\t\t<\/div>\n\t\t\t\t\t\t\t\t<h4 class=\"entry-title\"><a href=\"https:\/\/www.gobiodif.com\/?p=1485\" rel=\"bookmark\">El Grupo Operativo\u00a0BIODIF\u00a0ha estado presente en Biostimulants Europe 2026<\/a><\/h4>\t\t\t\t\t<div class=\"entry-summary\">\n\t\t\t\t\t<p>El pasado 4 de febrero de 2026, BIOVEGEN en representaci\u00f3n del Grupo Operativo, ha participado en \u201cBiostimulants Europe 2026\u201d presentando el objetivo, [&hellip;]<\/p>\n<\/div>\n\t\t\t\t<\/div>\n\t\t\t\t\t\t\t<div class=\"blog-post col-md-12\">\n\t\t\t\t\t\t\t\t\t<div class=\"entry-thumb\">\n\t\t\t\t\t\t<a href=\"https:\/\/www.gobiodif.com\/?p=1371\" title=\"\u00a1GO BIODIF participa en la Asamblea 2025 de AGRO4FOOD!\">\n\t\t\t\t\t\t\t<img loading=\"lazy\" decoding=\"async\" width=\"1091\" height=\"457\" src=\"https:\/\/www.gobiodif.com\/wp-content\/uploads\/2025\/06\/Banner-Asamblea-AGRO4FOOD.png\" class=\"attachment-medium-thumb size-medium-thumb wp-post-image\" alt=\"\" srcset=\"https:\/\/www.gobiodif.com\/wp-content\/uploads\/2025\/06\/Banner-Asamblea-AGRO4FOOD.png 1091w, https:\/\/www.gobiodif.com\/wp-content\/uploads\/2025\/06\/Banner-Asamblea-AGRO4FOOD-300x126.png 300w, https:\/\/www.gobiodif.com\/wp-content\/uploads\/2025\/06\/Banner-Asamblea-AGRO4FOOD-1024x429.png 1024w, https:\/\/www.gobiodif.com\/wp-content\/uploads\/2025\/06\/Banner-Asamblea-AGRO4FOOD-768x322.png 768w, https:\/\/www.gobiodif.com\/wp-content\/uploads\/2025\/06\/Banner-Asamblea-AGRO4FOOD-1000x419.png 1000w, https:\/\/www.gobiodif.com\/wp-content\/uploads\/2025\/06\/Banner-Asamblea-AGRO4FOOD-230x96.png 230w, https:\/\/www.gobiodif.com\/wp-content\/uploads\/2025\/06\/Banner-Asamblea-AGRO4FOOD-350x147.png 350w, https:\/\/www.gobiodif.com\/wp-content\/uploads\/2025\/06\/Banner-Asamblea-AGRO4FOOD-480x201.png 480w\" sizes=\"(max-width: 1091px) 100vw, 1091px\" \/>\t\t\t\t\t\t<\/a>\t\t\t\n\t\t\t\t\t<\/div>\t\n\t\t\t\t\t\t\t\t\t\t\n\t\t\t\t\t\t\t\t\t<div class=\"entry-meta delimiter-dot\">\n\t\t\t\t\t\t\t\t\t\t\t\t\t\t\t\t\n\t\t\t\t\t<\/div>\n\t\t\t\t\t\t\t\t<h4 class=\"entry-title\"><a href=\"https:\/\/www.gobiodif.com\/?p=1371\" rel=\"bookmark\">\u00a1GO BIODIF participa en la Asamblea 2025 de AGRO4FOOD!<\/a><\/h4>\t\t\t\t\t<div class=\"entry-summary\">\n\t\t\t\t\t<p>El\u00a0Grupo Operativo BIODIF particip\u00f3 el pasado 19 de junio de 2025\u00a0en la\u00a0Asamblea de la Plataforma Tem\u00e1tica Interdisciplinar (PTI) AGRO4FOOD, celebrada en el [&hellip;]<\/p>\n<\/div>\n\t\t\t\t<\/div>\n\t\t\t\t\t\t<\/div>\n\t\t<\/div>\n\n\t\t\t\t\t\t\t\t\t\t\t\t<a href=\"https:\/\/www.gobiodif.com\/?cat=14\" class=\"roll-button more-button\">Ver todas nuestras noticias<\/a>\n\t\t\t\t\n\t\t\t\n\t\t\n\t\t\t\t\t\t<\/div>\n\t\t\t\t<\/div>\n\t\t\t\t\t<\/div>\n\t\t\t\t<\/div>\n\t\t\t\t<\/div>\n\t\t","protected":false},"excerpt":{"rendered":"<p>Eventos El Grupo Operativo\u00a0BIODIF\u00a0ha estado presente en Biostimulants Europe 2026 El pasado 4 de febrero de 2026, BIOVEGEN en representaci\u00f3n del Grupo [&hellip;]<\/p>\n","protected":false},"author":3,"featured_media":0,"parent":0,"menu_order":0,"comment_status":"closed","ping_status":"closed","template":"page-templates\/page_front-page.php","meta":{"footnotes":""},"class_list":["post-494","page","type-page","status-publish","hentry"],"yoast_head":"<!-- This site is optimized with the Yoast SEO plugin v27.6 - https:\/\/yoast.com\/product\/yoast-seo-wordpress\/ -->\r\n<title>Eventos - Go BIODIF<\/title>\r\n<meta name=\"robots\" content=\"index, follow, max-snippet:-1, max-image-preview:large, max-video-preview:-1\" \/>\r\n<link rel=\"canonical\" href=\"https:\/\/www.gobiodif.com\/?page_id=494\" \/>\r\n<meta property=\"og:locale\" content=\"es_ES\" \/>\r\n<meta property=\"og:type\" content=\"article\" \/>\r\n<meta property=\"og:title\" content=\"Eventos - Go BIODIF\" \/>\r\n<meta property=\"og:description\" content=\"Eventos El Grupo Operativo\u00a0BIODIF\u00a0ha estado presente en Biostimulants Europe 2026 El pasado 4 de febrero de 2026, BIOVEGEN en representaci\u00f3n del Grupo [&hellip;]\" \/>\r\n<meta property=\"og:url\" content=\"https:\/\/www.gobiodif.com\/?page_id=494\" \/>\r\n<meta property=\"og:site_name\" content=\"Go BIODIF\" \/>\r\n<meta property=\"article:modified_time\" content=\"2026-03-18T12:11:04+00:00\" \/>\r\n<meta property=\"og:image\" content=\"https:\/\/www.gobiodif.com\/wp-content\/uploads\/2026\/02\/David_biodif-e1770822674130.jpg\" \/>\r\n<meta name=\"twitter:card\" content=\"summary_large_image\" \/>\r\n<meta name=\"twitter:label1\" content=\"Tiempo de lectura\" \/>\n\t<meta name=\"twitter:data1\" content=\"3 minutos\" \/>\r\n<script type=\"application\/ld+json\" class=\"yoast-schema-graph\">{\"@context\":\"https:\\\/\\\/schema.org\",\"@graph\":[{\"@type\":\"WebPage\",\"@id\":\"https:\\\/\\\/www.gobiodif.com\\\/?page_id=494\",\"url\":\"https:\\\/\\\/www.gobiodif.com\\\/?page_id=494\",\"name\":\"Eventos - Go BIODIF\",\"isPartOf\":{\"@id\":\"https:\\\/\\\/www.gobiodif.com\\\/#website\"},\"primaryImageOfPage\":{\"@id\":\"https:\\\/\\\/www.gobiodif.com\\\/?page_id=494#primaryimage\"},\"image\":{\"@id\":\"https:\\\/\\\/www.gobiodif.com\\\/?page_id=494#primaryimage\"},\"thumbnailUrl\":\"https:\\\/\\\/www.gobiodif.com\\\/wp-content\\\/uploads\\\/2026\\\/02\\\/David_biodif-e1770822674130.jpg\",\"datePublished\":\"2025-01-31T10:02:26+00:00\",\"dateModified\":\"2026-03-18T12:11:04+00:00\",\"breadcrumb\":{\"@id\":\"https:\\\/\\\/www.gobiodif.com\\\/?page_id=494#breadcrumb\"},\"inLanguage\":\"es\",\"potentialAction\":[{\"@type\":\"ReadAction\",\"target\":[\"https:\\\/\\\/www.gobiodif.com\\\/?page_id=494\"]}]},{\"@type\":\"ImageObject\",\"inLanguage\":\"es\",\"@id\":\"https:\\\/\\\/www.gobiodif.com\\\/?page_id=494#primaryimage\",\"url\":\"https:\\\/\\\/www.gobiodif.com\\\/wp-content\\\/uploads\\\/2026\\\/02\\\/David_biodif-e1773906865395.jpg\",\"contentUrl\":\"https:\\\/\\\/www.gobiodif.com\\\/wp-content\\\/uploads\\\/2026\\\/02\\\/David_biodif-e1773906865395.jpg\",\"width\":860,\"height\":394},{\"@type\":\"BreadcrumbList\",\"@id\":\"https:\\\/\\\/www.gobiodif.com\\\/?page_id=494#breadcrumb\",\"itemListElement\":[{\"@type\":\"ListItem\",\"position\":1,\"name\":\"Portada\",\"item\":\"https:\\\/\\\/www.gobiodif.com\\\/\"},{\"@type\":\"ListItem\",\"position\":2,\"name\":\"Eventos\"}]},{\"@type\":\"WebSite\",\"@id\":\"https:\\\/\\\/www.gobiodif.com\\\/#website\",\"url\":\"https:\\\/\\\/www.gobiodif.com\\\/\",\"name\":\"Go BIODIF\",\"description\":\"Grupo Operativo Biofuncionalizaci\u00f3n de Cultivos Estrat\u00e9gicos\",\"publisher\":{\"@id\":\"https:\\\/\\\/www.gobiodif.com\\\/#organization\"},\"potentialAction\":[{\"@type\":\"SearchAction\",\"target\":{\"@type\":\"EntryPoint\",\"urlTemplate\":\"https:\\\/\\\/www.gobiodif.com\\\/?s={search_term_string}\"},\"query-input\":{\"@type\":\"PropertyValueSpecification\",\"valueRequired\":true,\"valueName\":\"search_term_string\"}}],\"inLanguage\":\"es\"},{\"@type\":\"Organization\",\"@id\":\"https:\\\/\\\/www.gobiodif.com\\\/#organization\",\"name\":\"Go BIODIF\",\"url\":\"https:\\\/\\\/www.gobiodif.com\\\/\",\"logo\":{\"@type\":\"ImageObject\",\"inLanguage\":\"es\",\"@id\":\"https:\\\/\\\/www.gobiodif.com\\\/#\\\/schema\\\/logo\\\/image\\\/\",\"url\":\"https:\\\/\\\/www.gobiodif.com\\\/wp-content\\\/uploads\\\/2025\\\/01\\\/logo-biodif.png\",\"contentUrl\":\"https:\\\/\\\/www.gobiodif.com\\\/wp-content\\\/uploads\\\/2025\\\/01\\\/logo-biodif.png\",\"width\":1750,\"height\":599,\"caption\":\"Go BIODIF\"},\"image\":{\"@id\":\"https:\\\/\\\/www.gobiodif.com\\\/#\\\/schema\\\/logo\\\/image\\\/\"}}]}<\/script>\r\n<!-- \/ Yoast SEO plugin. -->","yoast_head_json":{"title":"Eventos - Go BIODIF","robots":{"index":"index","follow":"follow","max-snippet":"max-snippet:-1","max-image-preview":"max-image-preview:large","max-video-preview":"max-video-preview:-1"},"canonical":"https:\/\/www.gobiodif.com\/?page_id=494","og_locale":"es_ES","og_type":"article","og_title":"Eventos - Go BIODIF","og_description":"Eventos El Grupo Operativo\u00a0BIODIF\u00a0ha estado presente en Biostimulants Europe 2026 El pasado 4 de febrero de 2026, BIOVEGEN en representaci\u00f3n del Grupo [&hellip;]","og_url":"https:\/\/www.gobiodif.com\/?page_id=494","og_site_name":"Go BIODIF","article_modified_time":"2026-03-18T12:11:04+00:00","og_image":[{"url":"https:\/\/www.gobiodif.com\/wp-content\/uploads\/2026\/02\/David_biodif-e1770822674130.jpg","type":"","width":"","height":""}],"twitter_card":"summary_large_image","twitter_misc":{"Tiempo de lectura":"3 minutos"},"schema":{"@context":"https:\/\/schema.org","@graph":[{"@type":"WebPage","@id":"https:\/\/www.gobiodif.com\/?page_id=494","url":"https:\/\/www.gobiodif.com\/?page_id=494","name":"Eventos - Go BIODIF","isPartOf":{"@id":"https:\/\/www.gobiodif.com\/#website"},"primaryImageOfPage":{"@id":"https:\/\/www.gobiodif.com\/?page_id=494#primaryimage"},"image":{"@id":"https:\/\/www.gobiodif.com\/?page_id=494#primaryimage"},"thumbnailUrl":"https:\/\/www.gobiodif.com\/wp-content\/uploads\/2026\/02\/David_biodif-e1770822674130.jpg","datePublished":"2025-01-31T10:02:26+00:00","dateModified":"2026-03-18T12:11:04+00:00","breadcrumb":{"@id":"https:\/\/www.gobiodif.com\/?page_id=494#breadcrumb"},"inLanguage":"es","potentialAction":[{"@type":"ReadAction","target":["https:\/\/www.gobiodif.com\/?page_id=494"]}]},{"@type":"ImageObject","inLanguage":"es","@id":"https:\/\/www.gobiodif.com\/?page_id=494#primaryimage","url":"https:\/\/www.gobiodif.com\/wp-content\/uploads\/2026\/02\/David_biodif-e1773906865395.jpg","contentUrl":"https:\/\/www.gobiodif.com\/wp-content\/uploads\/2026\/02\/David_biodif-e1773906865395.jpg","width":860,"height":394},{"@type":"BreadcrumbList","@id":"https:\/\/www.gobiodif.com\/?page_id=494#breadcrumb","itemListElement":[{"@type":"ListItem","position":1,"name":"Portada","item":"https:\/\/www.gobiodif.com\/"},{"@type":"ListItem","position":2,"name":"Eventos"}]},{"@type":"WebSite","@id":"https:\/\/www.gobiodif.com\/#website","url":"https:\/\/www.gobiodif.com\/","name":"Go BIODIF","description":"Grupo Operativo Biofuncionalizaci\u00f3n de Cultivos Estrat\u00e9gicos","publisher":{"@id":"https:\/\/www.gobiodif.com\/#organization"},"potentialAction":[{"@type":"SearchAction","target":{"@type":"EntryPoint","urlTemplate":"https:\/\/www.gobiodif.com\/?s={search_term_string}"},"query-input":{"@type":"PropertyValueSpecification","valueRequired":true,"valueName":"search_term_string"}}],"inLanguage":"es"},{"@type":"Organization","@id":"https:\/\/www.gobiodif.com\/#organization","name":"Go BIODIF","url":"https:\/\/www.gobiodif.com\/","logo":{"@type":"ImageObject","inLanguage":"es","@id":"https:\/\/www.gobiodif.com\/#\/schema\/logo\/image\/","url":"https:\/\/www.gobiodif.com\/wp-content\/uploads\/2025\/01\/logo-biodif.png","contentUrl":"https:\/\/www.gobiodif.com\/wp-content\/uploads\/2025\/01\/logo-biodif.png","width":1750,"height":599,"caption":"Go BIODIF"},"image":{"@id":"https:\/\/www.gobiodif.com\/#\/schema\/logo\/image\/"}}]}},"_links":{"self":[{"href":"https:\/\/www.gobiodif.com\/index.php?rest_route=\/wp\/v2\/pages\/494","targetHints":{"allow":["GET"]}}],"collection":[{"href":"https:\/\/www.gobiodif.com\/index.php?rest_route=\/wp\/v2\/pages"}],"about":[{"href":"https:\/\/www.gobiodif.com\/index.php?rest_route=\/wp\/v2\/types\/page"}],"author":[{"embeddable":true,"href":"https:\/\/www.gobiodif.com\/index.php?rest_route=\/wp\/v2\/users\/3"}],"replies":[{"embeddable":true,"href":"https:\/\/www.gobiodif.com\/index.php?rest_route=%2Fwp%2Fv2%2Fcomments&post=494"}],"version-history":[{"count":31,"href":"https:\/\/www.gobiodif.com\/index.php?rest_route=\/wp\/v2\/pages\/494\/revisions"}],"predecessor-version":[{"id":1501,"href":"https:\/\/www.gobiodif.com\/index.php?rest_route=\/wp\/v2\/pages\/494\/revisions\/1501"}],"wp:attachment":[{"href":"https:\/\/www.gobiodif.com\/index.php?rest_route=%2Fwp%2Fv2%2Fmedia&parent=494"}],"curies":[{"name":"wp","href":"https:\/\/api.w.org\/{rel}","templated":true}]}}